{"id":144,"date":"2019-12-17T09:56:29","date_gmt":"2019-12-17T09:56:29","guid":{"rendered":"https:\/\/bocemtium.com\/web\/?page_id=144"},"modified":"2024-07-04T10:22:52","modified_gmt":"2024-07-04T10:22:52","slug":"aviso-legal","status":"publish","type":"page","link":"https:\/\/bocemtium.com\/web\/aviso-legal\/","title":{"rendered":"AVISO LEGAL"},"content":{"rendered":"\r\n<h2>AVISO LEGAL<\/h2>\r\n<p><strong>1. EL PORTAL<\/strong><\/p>\r\n<p>1.1 Las presentes disposiciones regulan el uso del portal de internet (en adelante, \u00abPortal\u00bb) que bocemtium consulting S.L. (en adelante, bocemtium), a trav\u00e9s de la direcci\u00f3n URL <u>www.bocemtium.com<\/u> pone a disposici\u00f3n de los usuarios del mismo (en adelante, \u201cUsuario\u201d o \u201cUsuarios\u201d, seg\u00fan el caso) para el acceso a una amplia gama de productos, servicios y contenidos, relacionados con la celebraci\u00f3n de congresos, reuniones, jornadas y eventos (en adelante, \u00abProductos o Servicios\u00bb).<br \/><br \/>1.2 Los datos identificativos del responsable del Portal son los que figuran a continuaci\u00f3n:<br \/>\u00a0<br \/>bocemtium consulting s.l.<br \/>Violant d\u2019Hongria 107, oficina E.<br \/>08028 Barcelona<br \/>C.I.F. B64418882.<br \/>Inscrita en el Registro Mercantil de Barcelona, Tomo 39430, Folio 184, Hoja 346721, Inscripci\u00f3n 1\u00aa.<br \/>\u00a0<br \/><strong>2. CONDICIONES DE ACCESO Y USO DEL PORTAL<\/strong><br \/>\u00a0<br \/>El acceso al Portal comporta la previa lectura por el Usuario de las presentes Condiciones Generales de Acceso y Uso (en adelante, \u00abCondiciones Generales\u00bb). Mediante el acceso y uso del Portal se entender\u00e1 que el Usuario manifiesta su acuerdo al contenido de todas y cada una de las presentes Condiciones Generales en su versi\u00f3n publicada en el Portal en el momento del acceso. Si el Usuario no estuviere de acuerdo con el contenido de las presentes Condiciones Generales, deber\u00e1 abstenerse de usar el Portal y de operar a trav\u00e9s del mismo. El Portal se reserva el derecho a modificar las presentes Condiciones Generales advirtiendo de ello a los Usuarios mediante los correspondientes avisos en el Portal, a fin de que puedan tomar conocimiento de su contenido desde el primer momento. La contrataci\u00f3n y\/o uso de determinados Productos o Servicios puede requerir la identificaci\u00f3n del Usuario en el Portal y la previa aceptaci\u00f3n de determinadas condiciones particulares (en adelante, \u00abCondiciones Particulares\u00bb) que vienen a desarrollar, complementar y\/o eventualmente modificar las presentes Condiciones Generales. El Usuario deber\u00e1 leer asimismo con la m\u00e1xima atenci\u00f3n el contenido de las correspondientes Condiciones Particulares u otros avisos legales que aparecen en el Portal. Como Usuario, Ud. declara ser mayor de edad y\/o disponer de la capacidad jur\u00eddica y de obrar suficiente para vincularse por las presentes Condiciones Generales (y, en su caso, por las Condiciones Particulares que regulen el uso de determinados Productos o Servicios) y para utilizar y, en su caso, contratar los Productos o Servicios que se ofrecen en el Portal. El Usuario acepta, de forma expresa, plena, sin reservas ni excepciones, que el acceso y la utilizaci\u00f3n del Portal y de sus contenidos tiene lugar bajo su \u00fanica y exclusiva responsabilidad. En el supuesto de que exista alguna contradicci\u00f3n entre las condiciones generales de acceso y uso del Portal y las correspondientes Condiciones Particulares, prevalecer\u00e1n \u00e9stas sobre aqu\u00e9llas, salvo que las Condiciones Generales resulten m\u00e1s beneficiosas para el Usuario que las Condiciones Particulares.<br \/><br \/><strong>3. CONTENIDO DEL PORTAL<\/strong><br \/>\u00a0<br \/>3.1 El Usuario del Portal asume, conoce y acepta, por el hecho de navegar por el mismo, que los datos e informaciones sobre Productos o Servicios, y cualesquiera otros datos e informaciones contenidos en el Portal aparecen, \u00fanica y exclusivamente, a efectos informativos, como informaci\u00f3n de car\u00e1cter preliminar dispuesta a la atenci\u00f3n del Usuario y que en un momento dado pueden contener errores, imprecisiones o no estar actualizados.<br \/><br \/>3.2 bocemtium se reserva el derecho a modificar, a su discreci\u00f3n y de forma unilateral, en cualquier momento y sin previo aviso, la configuraci\u00f3n del Portal, as\u00ed como el contenido y extensi\u00f3n de los Productos o Servicios \u00a0publicados en el Portal o prestados a trav\u00e9s del Portal y de las condiciones de acceso a los mismos. Asimismo, bocemtium se reserva la facultad de incorporar nuevos Productos o Servicios y contenidos en el Portal, as\u00ed como el derecho de eliminar, limitar, suspender o impedir el acceso a trav\u00e9s del Portal, ya fuere de manera temporal o definitiva, cuando concurran los motivos previstos en estas Condiciones Generales.<br \/>\u00a0<br \/>3.3 bocemtium informa al Usuario que a trav\u00e9s del Portal podr\u00e1 acceder a Productos o Servicios ofertados por terceros que en cada momento se hallen disponibles, cuya contrataci\u00f3n por el Usuario estar\u00e1 sujeta a los t\u00e9rminos y condiciones que dichas entidades dispongan en cada momento. bocemtium no asume responsabilidad alguna ni da garant\u00eda alguna sobre los productos y servicios de las referidas entidades.<br \/><br \/><strong>4. CONDICIONES PARTICULARES DE LOS SERVICIOS DEL PORTAL<\/strong><br \/>\u00a0<br \/>Los Productos o Servicios se ofrecen al Usuario, con car\u00e1cter general, de forma gratuita. No obstante lo anterior, algunos Productos o Servicios pueden establecer el pago de una contraprestaci\u00f3n determinada, circunstancia que se indicar\u00e1 expresamente en las correspondientes Condiciones Generales o Condiciones Particulares del Producto o Servicio en cuesti\u00f3n.<br \/><br \/><strong>5. IDENTIFICACI\u00d3N COMO USUARIO DEL PORTAL<\/strong><br \/>\u00a0<br \/>La contrataci\u00f3n y uso de determinados Productos o Servicios ofrecidos por bocemtium requerir\u00e1 la identificaci\u00f3n previa del Usuario en el Portal a trav\u00e9s del formulario que aparecer\u00e1 en el momento de selecci\u00f3n del Producto o Servicio en concreto. De igual modo, la contrataci\u00f3n y uso de los productos o servicios espec\u00edficos que ofrecen otras empresas a trav\u00e9s del Portal requerir\u00e1 que el Usuario cumpla con los requisitos que cada entidad determine y de los que se informar\u00e1 al Usuario desde el Portal o respectivas web sites. Ning\u00fan Usuario del Portal podr\u00e1 acceder a los productos y servicios de dichas entidades sin haberse identificado previamente. En todo caso, el Usuario manifiesta bajo su responsabilidad que los datos que aporta en el formulario de identificaci\u00f3n son veraces y vigentes.<br \/><br \/><strong>6. POL\u00cdTICA DE PRIVACIDAD. <\/strong><br \/>\u00a0<br \/>Para conocer el tratamiento que bocemtium llevar\u00e1 a cabo de los datos personales que trate a trav\u00e9s del presente sitio web, puede dirigir a la <a href=\"https:\/\/bocemtium.com\/web\/aviso-politica-de-cookies\/\"><strong>Pol\u00edtica de Privacidad<\/strong><\/a>. Rogamos lea atentamente este texto legal antes de facilitarnos sus datos personales.<\/p>\r\n<p>&nbsp;<\/p>\r\n<p><strong> 7. MANIFESTACIONES Y GARANT\u00cdAS DE CAR\u00c1CTER GENERAL<\/strong><br \/><br \/>7.1 bocemtium manifiesta y garantiza que el Portal dispone de la tecnolog\u00eda (software y hardware) necesaria, al d\u00eda de la fecha, para permitir el acceso y utilizaci\u00f3n del mismo. Sin embargo, bocemtium no se responsabiliza por la eventual existencia de virus u otros elementos nocivos, introducidos por cualquier medio o por cualquier tercero, que puedan producir alteraciones en los sistemas inform\u00e1ticos del Usuario, ni por las consecuencias perjudiciales que las mismas puedan producir en los sistemas inform\u00e1ticos del Usuario. El Usuario acepta plenamente lo anterior y se compromete, de su parte, a desplegar la m\u00e1xima diligencia y prudencia cuando acceda y utilice los Productos o Servicios que se ofrecen a trav\u00e9s del Portal. En particular, aunque no solamente, el Usuario deber\u00e1 observar las recomendaciones de seguridad que se muestran en el Portal.<br \/><br \/>7.2 El Usuario acepta que el Portal ha sido creado y desarrollado de buena fe por bocemtium con informaci\u00f3n procedente de fuentes internas y externas y lo ofrece en su estado actual, pudiendo, no obstante, contener falsedades, inexactitudes, omisiones relevantes, imprecisiones o erratas. bocemtium, en consecuencia, no garantiza en ning\u00fan caso la veracidad, exactitud, actualidad como tampoco la exhaustividad de los contenidos del Portal. Por ello, el Usuario exonera a bocemtium de cualquier responsabilidad en relaci\u00f3n con la fiabilidad, utilidad o falsas expectativas que el Portal pudiera producirle o generarle durante su navegaci\u00f3n por el mismo.<br \/><br \/>7.3 El Usuario garantiza que cualesquiera actividades por \u00e9l desarrolladas a trav\u00e9s del Portal se adecuar\u00e1n a la ley, a la moral, a las buenas costumbres aceptadas generalmente y al orden p\u00fablico, y que en ning\u00fan caso resultar\u00e1n ofensivas para el buen nombre e imagen comercial de bocemtium, de bocemtium consulting s.l., para el resto de Usuarios del Portal o para los terceros proveedores de servicios. En particular, el Usuario se compromete a utilizar los Productos o Servicios de forma correcta y diligente as\u00ed como abstenerse de utilizarlos con fines o efectos il\u00edcitos o prohibidos por las presentes Condiciones Generales, lesivos de los derechos e intereses de terceros, o que de cualquier forma puedan da\u00f1ar, inutilizar, sobrecargar o deteriorar dichos Productos o Servicios, los equipos inform\u00e1ticos de terceros as\u00ed como los documentos, archivos, y toda clase de contenidos almacenados en sus equipos inform\u00e1ticos o impedir la normal utilizaci\u00f3n o disfrute de los Servicios por parte de terceros.<br \/><br \/>7.4 En particular, a t\u00edtulo meramente enunciativo y no limitativo, el Usuario se compromete a no utilizar los Productos o Servicios con finalidad de (i) suplantar la identidad de un tercero; (ii) vulnerar derechos fundamentales y libertades p\u00fablicas reconocidas en la normativa nacional y en los tratados o convenios internacionales y, en particular, a no lesionar el honor, la intimidad personal, la imagen o la propiedad de bienes y derechos de terceros; (iii) incitar o promover acciones delictivas, denigrantes, difamatorias, ofensivas o, en general, contrarias a la ley, a la moral, a las buenas costumbres generalmente aceptadas o al orden p\u00fablico; (iv) inducir o promover actuaciones o ideas discriminatorias por raz\u00f3n de raza, sexo, ideolog\u00eda, religi\u00f3n o creencias; (v) incorporar, poner a disposici\u00f3n o permitir acceder a productos, elementos, mensajes y\/o servicios delictivos, violentos, pornogr\u00e1ficos, ofensivos o, en general, contrarios a la ley, a la moral o al orden p\u00fablico; (vi) vulnerar los derechos de propiedad intelectual o industrial pertenecientes a terceros; (vii) vulnerar la normativa sobre secreto empresarial, el secreto de las comunicaciones, normativa de publicidad y\/o normativa de competencia desleal; (viii) transmitir a trav\u00e9s del Portal con dolo o culpa correo electr\u00f3nico, programas o datos (incluidos virus y software nocivo) que causen o puedan causar da\u00f1os o perjuicios en cualquier grado a los sistemas inform\u00e1ticos de bocemtium o de otros Usuarios o de terceros, as\u00ed como falsificar el origen del correo electr\u00f3nico o de otro material contenido en un archivo que se transmita a trav\u00e9s del Portal. (ix) Emplear la informaci\u00f3n contenida en el portal con fines de venta directa o con cualquier otra clase de finalidad y (x) enviar mensajes no solicitados dirigidos a una generalidad m\u00e1s o menos amplia de personas con independencia de su finalidad.<br \/><br \/><strong>8. LIMITACI\u00d3N DE RESPONSABILIDAD DE CAR\u00c1CTER GENERAL<\/strong><br \/><br \/>8.1 bocemtium no efect\u00faa manifestaciones ni ofrece garant\u00edas de ninguna clase, ya sean expl\u00edcitas o impl\u00edcitas, en cuanto al funcionamiento del Portal o a la informaci\u00f3n, contenido, software, materiales, o productos incluidos en el mismo en la medida que lo permita la legislaci\u00f3n aplicable. Asimismo, bocemtium queda exonerada de prestar cualesquiera garant\u00edas, ya sean expl\u00edcitas o impl\u00edcitas, incluidas, entre otras, las garant\u00edas impl\u00edcitas de idoneidad para un fin determinado. bocemtium no ser\u00e1 responsable de los da\u00f1os o perjuicios de cualquier \u00edndole que puedan derivarse del uso de este Portal, incluidos, entre otros, los da\u00f1os directos e indirectos.<br \/><br \/>8.2 bocemtium no se hace responsable de cualesquiera da\u00f1os o perjuicios, directos o indirectos, que pudieran derivarse de la interrupci\u00f3n del Portal as\u00ed como de su continuidad. Asimismo, bocemtium no se hace responsable de los posibles errores o deficiencias de seguridad que pudieran producirse por la utilizaci\u00f3n, por parte del Usuario, de un navegador con una versi\u00f3n no actualizada o insegura, as\u00ed como por la activaci\u00f3n de los dispositivos de conservaci\u00f3n de claves o c\u00f3digos de identificaci\u00f3n del Usuario registrado en el navegador o de los da\u00f1os, errores o inexactitudes que pudieran derivarse del mal funcionamiento del mismo.<br \/><br \/>8.3 bocemtium excluye toda responsabilidad por la licitud, contenido y calidad de los Productos o Servicios ofrecidos y\/o comercializados por terceros a trav\u00e9s del Portal.<br \/><br \/>8.4 bocemtium no otorga garant\u00edas de naturaleza alguna, ni expresa ni impl\u00edcitamente, respecto de la informaci\u00f3n que se transmita, distribuya, publique o almacene en el Portal, ni de la utilizaci\u00f3n que los Usuarios hagan de la misma. Asimismo, bocemtium no responder\u00e1 respecto de incapacidad de cualquier Usuario o de la suplantaci\u00f3n de la personalidad de un tercero efectuada por un Usuario.<br \/><br \/>8.5 En cualquier caso de responsabilidad exigible a bocemtium, \u00e9sta tan s\u00f3lo responder\u00e1 por los da\u00f1os y perjuicios efectiva y directamente causados por ella, sin incluir en ning\u00fan caso compensaci\u00f3n por lucro cesante.<br \/><br \/>8.6 El Usuario responder\u00e1 por los da\u00f1os y perjuicios de cualquier naturaleza que bocemtium pueda sufrir como consecuencia, directa o indirecta, del incumplimiento por parte del Usuario de las Condiciones Generales.<br \/><br \/><strong>9. V\u00cdNCULOS O ENLACES HIPERTEXTUALES CON EL PORTAL<\/strong><br \/><br \/>9.1 Los Usuarios o los titulares de otros sitios web que pretendan crear un enlace de hipertexto (en adelante, \u201clink\u201d) al Portal deber\u00e1n asegurar y comprometerse al respecto de las reglas de bocemtium sobre enlaces en la red. Dichas reglas consisten en (i) no establecer enlaces a p\u00e1ginas o subp\u00e1ginas distintas a la home page del Portal; (ii) no establecer enlaces que permitan la reproducci\u00f3n total o parcial de las p\u00e1ginas de la home page del Portal; (iii) no realizar junto al link manifestaciones falsas, inexactas, incorrectas, que puedan inducir a error o confusi\u00f3n o, en general, que sean contrarias a la ley, la moral o las buenas costumbres; (iv) no incluir ninguna marca comercial o signo susceptible de protecci\u00f3n distinto de la direcci\u00f3n de URL del Portal, y (v) no establecer links con p\u00e1ginas que contengan contenidos, manifestaciones o propaganda de car\u00e1cter racista, xen\u00f3fobo, pornogr\u00e1fico, de apolog\u00eda del terrorismo o atentatoria contra los derechos humanos y en general puedan perjudicar de cualquier modo el buen nombre comercial, la reputaci\u00f3n o la imagen de bocemtium o de sus clientes. En cualquier caso, la inclusi\u00f3n de v\u00ednculos o enlaces al Portal por parte de otros sitios web no implica que bocemtium mantenga v\u00ednculos o asociaci\u00f3n de ninguna clase con el titular de la web en la que se establezca el link ni, tanto menos, que bocemtium promocione, avale, garantice o recomiende los contenidos de dichos portales o sitios web.<br \/><br \/>9.2 Por su parte, el Portal puede contener v\u00ednculos o enlaces con otros portales o sitios web no gestionados por bocemtium. bocemtium declina toda responsabilidad por las informaciones contenidas en dichos Portales o sitios web a los que se pueda acceder por enlaces (\u00ablinks\u00bb) o buscadores de las p\u00e1ginas web de bocemtium. La presencia de enlaces (\u00ablinks\u00bb) en las p\u00e1ginas web de bocemtium tiene finalidad meramente informativa. Por tanto, bocemtium no se responsabiliza ni otorga garant\u00eda de ninguna naturaleza, ni expresa ni impl\u00edcitamente respecto a: (i) la comerciabilidad, idoneidad, calidad, cantidad, caracter\u00edsticas, procedencia u origen, comercializaci\u00f3n o cualquier otro aspecto de los Productos o Servicios que se ofrezcan y comercialicen a trav\u00e9s del Portal; (ii) los da\u00f1os y perjuicios directos, indirectos o de cualquier otro tipo que pudiesen generar los Productos o Servicios que se ofrezcan, comercialicen, adquieran, vendan o presten a trav\u00e9s del Portal; (iii) los precios ofertados o pactados por los Usuarios con las entidades oferentes; (iv) ni las transacciones u operaciones que se lleven a cabo entre ellos; (v) ni del buen fin de las mismas; (vi) ni sobre los t\u00e9rminos y condiciones que entre ellos pacten en sus negocios y condiciones de usos, ni de sus modificaciones, cumplimiento y ejecuci\u00f3n, facturaci\u00f3n, forma y medios de pagos y resoluci\u00f3n; (vii) ni del aseguramiento de la entrega de los Productos o Servicios; (viii) ni de las informaciones que entre ellos puedan intercambiarse; (ix) ni del contenido y uso de las informaciones de car\u00e1cter personal o no que dichas entidades requieran al Usuario para captar y llevar a cabo las operaciones; (x) ni del contenido y uso de las informaciones de car\u00e1cter personal que bocemtium transmita a dichas entidades con el \u00fanico y exclusivo fin de cumplir con la relaci\u00f3n de negocio iniciada o creada, conforme a lo indicado en el formulario de registro de Usuario (xi) ni de la publicidad que puedan hacer uso los Usuarios, ni del uso que los Usuarios puedan realizar de los signos distintivos de un tercero o de los suyos propios.<br \/><br \/>9.3 Todos los contenidos del Portal (incluyendo, sin car\u00e1cter limitativo, bases de datos, im\u00e1genes y fotograf\u00edas, patentes, modelos de utilidad e industriales, dibujos, gr\u00e1ficos, archivos de texto, audio, v\u00eddeo y software) son propiedad de bocemtium, o de los proveedores de contenidos, habiendo sido, en este \u00faltimo caso, objeto de licencia o cesi\u00f3n, por parte de los mismos, y est\u00e1n protegidos por las normas nacionales o internacionales de propiedad intelectual e industrial. La compilaci\u00f3n (entendi\u00e9ndose como tal la recopilaci\u00f3n, dise\u00f1o, ordenaci\u00f3n y montaje) de todo el contenido del Portal es propiedad exclusiva de bocemtium y se encuentra protegida por las normas nacionales e internacionales de propiedad industrial e intelectual.<br \/><br \/>9.4 Todo el software utilizado en el dise\u00f1o de las pantallas, navegaci\u00f3n y uso y desarrollo del Portal es propiedad de bocemtium o de sus proveedores de software y se encuentra protegido por las leyes nacionales e internacionales de propiedad industrial e intelectual.<br \/><br \/>9.5 Las marcas, r\u00f3tulos, signos distintivos o logos de bocemtium que aparecen en el Portal son titularidad de bocemtium y est\u00e1n debidamente registrados o en proceso de registro. Las denominaciones de otros productos, servicios y compa\u00f1\u00edas que aparezcan en este documento o en el Portal pueden ser marcas u otros signos distintivos registrados de sus respectivos y leg\u00edtimos propietarios.<br \/><br \/>9.6 Todos los textos, dibujos gr\u00e1ficos, v\u00eddeos o soportes de audio son propiedad de bocemtium, o de sus proveedores de contenidos, no pudiendo ser objeto de ulterior modificaci\u00f3n, copia, alteraci\u00f3n, transformaci\u00f3n, reproducci\u00f3n, adaptaci\u00f3n o traducci\u00f3n por parte del Usuario o de terceros sin la expresa autorizaci\u00f3n por parte de los titulares de dichos contenidos.<br \/><br \/>9.7 La puesta a disposici\u00f3n de los Usuarios para su uso de las bases de datos, dibujos, gr\u00e1ficos, im\u00e1genes y fotograf\u00edas, archivos de texto, audio, v\u00eddeo y software propiedad de bocemtium o de sus proveedores que figuran en el Portal no implica, en ning\u00fan caso, la cesi\u00f3n de su titularidad o la concesi\u00f3n de un derecho de explotaci\u00f3n en favor del Usuario, distinto del derecho de uso que comporta la utilizaci\u00f3n leg\u00edtima y acorde con la naturaleza del Portal.<br \/><br \/>9.8 Queda terminantemente prohibido cualquier uso de los contenidos del Portal y, en general, de todos los derechos mencionados en los ep\u00edgrafes precedentes que se realice sin la autorizaci\u00f3n de bocemtium, incluida su explotaci\u00f3n, reproducci\u00f3n, difusi\u00f3n, transformaci\u00f3n, distribuci\u00f3n, transmisi\u00f3n por cualquier medio, posterior publicaci\u00f3n, exhibici\u00f3n, comunicaci\u00f3n p\u00fablica o representaci\u00f3n total o parcial las cuales, de producirse, constituir\u00e1n infracci\u00f3n de los derechos de propiedad intelectual de bocemtium, sancionados por la legislaci\u00f3n vigente.<br \/><br \/><strong>10. FUERZA MAYOR<\/strong><br \/><br \/>A los efectos de las presentes Condiciones Generales se entender\u00e1 por fuerza mayor, a t\u00edtulo enunciativo pero no limitativo, (i) todo suceso no culposo imposible de prever o que previsto o previsible, fuere inevitable; (ii) los fallos en el acceso a las distintas p\u00e1ginas web; (iii) los fallos en el suministro de red el\u00e9ctrica o telef\u00f3nica; (iv) los da\u00f1os producidos por terceros o ataques al servidor del Portal (virus) que afecten a la calidad de los Productos o Servicios y no sean imputables ni a bocemtium ni al Usuario; (v) los fallos en la transmisi\u00f3n, difusi\u00f3n, almacenamiento o puesta en disposici\u00f3n a terceros de las bases de datos y dem\u00e1s contenidos del Portal y, (vi) los problemas o errores en la recepci\u00f3n, obtenci\u00f3n o acceso al Portal o a los Productos o Servicios por parte de dichos terceros.<br \/><br \/><strong>11. SUSPENSI\u00d3N DEL ACCESO AL PORTAL Y DE LOS SERVICIOS<\/strong><br \/><br \/>11.1 bocemtium se esforzar\u00e1 en mantener la disponibilidad continuada del Portal. No obstante, cualquier modalidad de operaci\u00f3n de prueba, control y mantenimiento ser\u00e1n libremente elegidas y realizadas por bocemtium en cualquier momento, sean cuales fueren los procedimientos y medios empleados para llevarlas a cabo. bocemtium procurar\u00e1, siempre que ello sea razonablemente posible, avisar a los Usuarios mediante un anuncio en el Portal de la realizaci\u00f3n de una operaci\u00f3n de mantenimiento u otra actividad que pudiera afectar al Portal.<br \/><br \/>11.2 bocemtium se reserva la plena libertad para modificar las capacidades de transmisi\u00f3n, seguimiento u otros medios o servicios t\u00e9cnicos utilizados para el acceso o utilizaci\u00f3n del Portal.<br \/><br \/>11.3 bocemtium podr\u00e1 suspender de forma temporal o definitiva los Productos o Servicios que se ofrecen a trav\u00e9s del Portal, sin que ello genere ning\u00fan tipo de indemnizaci\u00f3n a favor del Usuario, cuando concurra cualquiera de las siguientes circunstancias: (i) cuando sea necesario para realizar labores de mantenimiento, (ii) cuando sea necesario para preservar la integridad o la seguridad de los Productos o Servicios que se prestan, de los equipos, los sistemas o de las redes de bocemtium o de terceros, siempre que afecten o puedan afectar a los servicios de bocemtium, (iii) cuando as\u00ed lo justifiquen razones operativas propias o de terceros que afecten a la prestaci\u00f3n de los Producto o Servicios de bocemtium; (iv) cuando exista una causa de fuerza mayor, bocemtium procurar\u00e1 mantener informado al Usuario de la suspensi\u00f3n y de sus causas, siempre que sea posible.<br \/><br \/><strong>12. TERMINACI\u00d3N<\/strong><br \/><br \/>El Portal podr\u00e1 dar por terminadas las Condiciones Generales de uso sin necesidad de preaviso alguno al Usuario cuando: (i) tenga conocimiento de la realizaci\u00f3n por parte del Usuario de alguna actividad il\u00edcita a trav\u00e9s de los Servicios; (ii) el Usuario haya incumplido alguna de sus obligaciones esenciales, seg\u00fan estas Condiciones Generales, y especialmente en caso de uso indebido del c\u00f3digo de acceso; y en caso de vulneraci\u00f3n o impugnaci\u00f3n de los derechos de propiedad intelectual e industrial del Portal, todo ello sin perjuicio del ejercicio de cuantas acciones legales le correspondan en defensa de sus intereses.<br \/><br \/><strong>13. NULIDAD E INEFICACIA DE LAS CL\u00c1USULAS<\/strong><br \/>Si cualquier Cl\u00e1usula de las presentes Condiciones Generales fuese declarada, total o parcialmente, nula o ineficaz, tal nulidad o ineficacia afectar\u00e1 tan s\u00f3lo a dicha disposici\u00f3n o parte de la misma que resulte nula o ineficaz subsistiendo, en todo lo dem\u00e1s, el resto de Condiciones Generales y teni\u00e9ndose tal disposici\u00f3n o la parte de la misma que resulte afectada por no puesta, salvo que, por resultar esencial a las presentes Condiciones Generales, hubiese de afectarlas de forma integral.<br \/><br \/><strong>14. LEY APLICABLE Y JURISDICCI\u00d3N<\/strong><br \/><br \/>14.1 Las presentes Condiciones Generales se interpretar\u00e1n y regir\u00e1n de conformidad con la legislaci\u00f3n espa\u00f1ola.<br \/><br \/>14.2 Para cualquier cuesti\u00f3n litigiosa derivada de la existencia, acceso, utilizaci\u00f3n o contenido de las Condiciones Generales, ser\u00e1n competentes los Juzgados y Tribunales del domicilio del Usuario en Espa\u00f1a<\/p>\r\n","protected":false},"excerpt":{"rendered":"<p>AVISO LEGAL 1. EL PORTAL 1.1 Las presentes disposiciones regulan el uso del portal de internet (en adelante, \u00abPortal\u00bb) que bocemtium consulting S.L. (en adelante, bocemtium), a trav\u00e9s de la direcci\u00f3n URL www.bocemtium.com pone a disposici\u00f3n de los usuarios del mismo (en adelante, \u201cUsuario\u201d o \u201cUsuarios\u201d, seg\u00fan el caso) para &hellip;<\/p>\n","protected":false},"author":1,"featured_media":0,"parent":0,"menu_order":0,"comment_status":"closed","ping_status":"closed","template":"","meta":{"footnotes":""},"class_list":["post-144","page","type-page","status-publish","hentry"],"_links":{"self":[{"href":"https:\/\/bocemtium.com\/web\/wp-json\/wp\/v2\/pages\/144","targetHints":{"allow":["GET"]}}],"collection":[{"href":"https:\/\/bocemtium.com\/web\/wp-json\/wp\/v2\/pages"}],"about":[{"href":"https:\/\/bocemtium.com\/web\/wp-json\/wp\/v2\/types\/page"}],"author":[{"embeddable":true,"href":"https:\/\/bocemtium.com\/web\/wp-json\/wp\/v2\/users\/1"}],"replies":[{"embeddable":true,"href":"https:\/\/bocemtium.com\/web\/wp-json\/wp\/v2\/comments?post=144"}],"version-history":[{"count":21,"href":"https:\/\/bocemtium.com\/web\/wp-json\/wp\/v2\/pages\/144\/revisions"}],"predecessor-version":[{"id":778,"href":"https:\/\/bocemtium.com\/web\/wp-json\/wp\/v2\/pages\/144\/revisions\/778"}],"wp:attachment":[{"href":"https:\/\/bocemtium.com\/web\/wp-json\/wp\/v2\/media?parent=144"}],"curies":[{"name":"wp","href":"https:\/\/api.w.org\/{rel}","templated":true}]}}