{"id":169,"date":"2019-12-23T08:28:45","date_gmt":"2019-12-23T08:28:45","guid":{"rendered":"https:\/\/bocemtium.com\/web\/?page_id=169"},"modified":"2025-05-07T08:53:21","modified_gmt":"2025-05-07T08:53:21","slug":"terminos-y-condiciones","status":"publish","type":"page","link":"https:\/\/bocemtium.com\/web\/terminos-y-condiciones\/","title":{"rendered":"T\u00e9rminos y condiciones"},"content":{"rendered":"<h4>PRE\u00c1MBULO<\/h4>\n<p>Estos T\u00e9rminos y Condiciones Generales son v\u00e1lidos para cada asistente inscrito Congreso anunciado en este sitio web.<\/p>\n<p>Antes de contratar los Servicios propuestos por la Sociedad m\u00e9dica y BOCEMTIUM CONSULTING SL (en adelante, \u00abel Proveedor\u00bb) en este sitio web, debe leer y aceptar los siguientes T\u00e9rminos y Condiciones redactados de acuerdo con la Ley 34\/2002 de Servicios de la Sociedad de la Informaci\u00f3n y Comercio Electr\u00f3nico, teniendo en cuenta la Ley 7\/1996, de 15 de enero, de ordenaci\u00f3n del comercio minorista, la Ley 7\/1998, de 13 de abril, sobre condiciones generales de la contrataci\u00f3n, el Real Decreto Legislativo 1\/2007, de 16 de noviembre, por el que se aprueba el texto refundido de la Ley General para la defensa de los consumidores y usuarios y la Ley 3\/2014, de 27 de marzo.<\/p>\n<p>La aceptaci\u00f3n de estos T\u00c9RMINOS Y CONDICIONES supone una relaci\u00f3n contractual vinculante entre usted y el Proveedor y acceder a la inscripci\u00f3n del Congreso, registrarse y proceder al pago implica aceptar plenamente estos T\u00e9rminos y Condiciones y reconoce estar plenamente informado de todas las disposiciones que contienen.<\/p>\n<p>Si no acepta todos los T\u00c9RMINOS Y CONDICIONES, no podr\u00e1 continuar con el proceso de registro, ni podr\u00e1 utilizar los servicios ofrecidos por el Proveedor a trav\u00e9s de este sitio web.<\/p>\n<p>Asimismo, todos los usuarios registrados garantizan la veracidad y exactitud de los datos personales facilitados y se comprometen a comunicar al Proveedor cualquier cambio o modificaci\u00f3n de los mismos.<\/p>\n<p>El Proveedor se reserva, sin estar obligado a ello, el derecho a solicitar cualquier informaci\u00f3n oficial con el fin de verificar la veracidad de los datos personales facilitados.<\/p>\n<p>En el caso de que un usuario registrado aporte informaci\u00f3n falsa, inexacta o incompleta, y si se tienen motivos razonables para dudar de su veracidad, se podr\u00e1 denegar el acceso como uso presente y futuro de la plataforma y cancelar cualquier contrato vigente sin perjuicio de iniciar el tr\u00e1mite legal correspondiente.<\/p>\n<h4>INSCRIPCI\u00d3N AL CONGRESO<\/h4>\n<p>Los plazos de inscripci\u00f3n para el Congreso aparecen anunciados en la web.<\/p>\n<p>Las inscripciones se aceptar\u00e1n hasta completar el aforo disponible. En caso de alcanzarse el n\u00famero m\u00e1ximo de asistentes permitidos, la Sociedad M\u00e9dica podr\u00e1 rechazar nuevas solicitudes. La imposibilidad de inscripci\u00f3n por aforo completo no dar\u00e1 derecho a reclamaci\u00f3n ni compensaci\u00f3n alguna.<\/p>\n<p>La inscripci\u00f3n al Congreso incluye, en la mayor\u00eda de los casos, el acceso a las sesiones, seminarios, concursos y casos pr\u00e1cticos, caf\u00e9s y certificado de asistencia.<\/p>\n<p>En todo caso, en el apartado de inscripciones\/registro se concreta el detalle de lo que incluye las cuotas de inscripci\u00f3n en cada caso.<\/p>\n<p>Tarifas de inscripci\u00f3n: Se aplicar\u00e1n los precios vigentes que aparecen en la web en el momento de la inscripci\u00f3n. El precio se detalla junto a cada una de las inscripciones. El IVA est\u00e1 incluido.<\/p>\n<p>Confirmaci\u00f3n: Cada vez que la organizaci\u00f3n reciba un registro, se enviar\u00e1 un correo electr\u00f3nico de confirmaci\u00f3n de recepci\u00f3n en las 24 horas siguientes a la recepci\u00f3n, salvo en el caso de que se reciba en d\u00edas festivos o fines de semana, cuya confirmaci\u00f3n se enviar\u00e1 el siguiente d\u00eda h\u00e1bil a la recepci\u00f3n.<\/p>\n<p>Las inscripciones pueden realizarse de manera individual o por una tercera persona. En este segundo supuesto, quien registra a un tercero o a un grupo de personas declara que cuenta con el consentimiento expreso de la\/s persona\/s a las que inscribe para proporcionar sus datos personales, con la finalidad de gestionar su inscripci\u00f3n y participaci\u00f3n en el evento. Y se compromete a mantener indemne a los organizadores frente a cualquier da\u00f1o, perjuicio o reclamaci\u00f3n que pudiera derivarse del tratamiento de los datos personales proporcionados sin el consentimiento debido.<\/p>\n<h4>POL\u00cdTICA DE CANCELACI\u00d3N<\/h4>\n<p>Pol\u00edtica de cancelaci\u00f3n de inscripciones y otros productos\/servicios relacionados:<\/p>\n<ul>\n<li>Para cancelaciones recibidas hasta 1 mes antes del inicio del congreso, 0,00 euros de penalizaci\u00f3n.<\/li>\n<li>Para cancelaciones recibidas entre 30 d\u00edas y 10 d\u00edas antes del inicio del congreso, se aplicar\u00e1 una penalizaci\u00f3n del 50% del importe del servicio y\/o producto cancelado.<\/li>\n<li>Para cancelaciones recibidas a 9 d\u00edas o menos del inicio del congreso, se aplicar\u00e1 una penalizaci\u00f3n del 100% del importe del servicio y\/o producto cancelado.<\/li>\n<li>Se podr\u00e1n realizar cambios de nombre para inscripciones canceladas con un coste de 20,00 euros por cambio de nombre tramitado.<\/li>\n<\/ul>\n<p>Todas las cancelaciones y cambios de nombre se han de comunicar por escrito a la Secretar\u00eda t\u00e9cnica.<\/p>\n<p>Todas las cancelaciones se tramitar\u00e1n hasta el d\u00eda anterior a la celebraci\u00f3n del congreso.<\/p>\n<p>Se reembolsar\u00e1n los importes correspondientes, una vez aplicados los posibles gastos de cancelaci\u00f3n, una vez finalizado el congreso y siempre que se haya realizado previamente el correspondiente pago del servicio y\/o producto.<\/p>\n<p>En caso de cancelaciones de alojamiento se deber\u00e1 consultar directamente con secretar\u00eda t\u00e9cnica por ser un servicio subcontratado.<\/p>\n<h4>REQUISITOS DE VISA<\/h4>\n<p>Es responsabilidad exclusiva del asistente hacerse cargo de los requisitos de su visado.<\/p>\n<h4>MODIFICACI\u00d3N DEL PROGRAMA DEL CONGRESO<\/h4>\n<p>La Sociedad M\u00e9dica organizadora se reserva el derecho a modificar el programa sin previo aviso, incluyendo cambios en ponentes, horarios o actividades, por razones organizativas o de fuerza mayor. Dichas modificaciones no dar\u00e1n derecho a reembolsos ni compensaciones econ\u00f3micas<\/p>\n<h4>CANCELACI\u00d3N DEL CONGRESO<\/h4>\n<p>En el caso de que el Congreso en Formato Presencial no se pueda llevar a cabo debido a motivos fuera del control de la Sociedad M\u00e9dica organizadora del Congreso y\/o Bocemtium (fuerza mayor) o debido a motivos que no sean atribuibles a dolo o negligencia grave por parte de la Sociedad M\u00e9dica organizadora del Congreso y\/o Bocemtium.<\/p>\n<p>Se recomienda a los asistentes contratar seguros de viaje y alojamiento con pol\u00edtica de cancelaci\u00f3n flexible, ya que la Sociedad M\u00e9dica y Bocemtium no asumir\u00e1n costos derivados de la cancelaci\u00f3n o reprogramaci\u00f3n del Congreso tales como gastos de transporte o alojamiento.<\/p>\n<h4>ACCESO<\/h4>\n<p>La admisi\u00f3n al Congreso est\u00e1 limitada exclusivamente a asistentes registrados. No se permitir\u00e1 el acceso a acompa\u00f1antes ni menores de edad, salvo en casos excepcionales en los que un asistente con discapacidad requiera de un acompa\u00f1ante, lo cual deber\u00e1 notificarse previamente a la organizaci\u00f3n.<\/p>\n<p>Los asientos en las salas de sesiones son limitados. La inscripci\u00f3n al Congreso no garantiza un asiento en todas las sesiones y el acceso se realizar\u00e1 por orden de llegada, sujeto a disponibilidad de aforo. No se realizar\u00e1n reembolsos en caso de no disponibilidad de asientos en determinadas sesiones. Se recomienda a los asistentes acudir con antelaci\u00f3n.<\/p>\n<p>Durante el registro, cada participante deber\u00e1 aceptar los T\u00e9rminos y Condiciones Generales aqu\u00ed descritos, de acuerdo con el Reglamento General de Protecci\u00f3n de Datos (RGPD) 2016\/679 y la Ley Org\u00e1nica 3\/2018.<\/p>\n<h4>DERECHOS SOBRE SUS DATOS PERSONALES<\/h4>\n<p>De acuerdo con la normativa de protecci\u00f3n de datos, usted puede ejercer en cualquier momento sus derechos de acceso, rectificaci\u00f3n, supresi\u00f3n, limitaci\u00f3n del tratamiento, portabilidad de datos y oposici\u00f3n al tratamiento de sus datos, as\u00ed como el derecho a no ser objeto de decisiones automatizadas, enviando una solicitud a: gdpr[arroba]bocemtium.com.<\/p>\n<h4>GRABACIONES DE IM\u00c1GENES Y USO EN MEDIOS DIGITALES<\/h4>\n<p>Le informamos que durante el evento se realizar\u00e1n fotograf\u00edas y grabaciones de v\u00eddeo con el fin de documentar, promocionar y difundir la actividad de la Sociedad M\u00e9dica en sus redes sociales, p\u00e1gina web y otros medios de comunicaci\u00f3n internos y externos, en estricto cumplimiento de la normativa vigente en materia de protecci\u00f3n de datos personales y derecho a la propia imagen.<\/p>\n<p>La base jur\u00eddica para el tratamiento de su imagen y\/o voz ser\u00e1 el inter\u00e9s leg\u00edtimo de la Sociedad M\u00e9dica en la promoci\u00f3n de sus actividades, conforme al art\u00edculo 6.1.f) del Reglamento (UE) 2016\/679 (RGPD) y a la Ley Org\u00e1nica 1\/1982, de 5 de mayo, de protecci\u00f3n civil del derecho al honor, a la intimidad personal y familiar y a la propia imagen.<\/p>\n<p>Si NO desea que su imagen y\/o voz sean captadas y utilizadas por la Sociedad M\u00e9dica, le solicitamos que no se exponga en zonas de posado fotogr\u00e1fico o en aquellas destinadas a la grabaci\u00f3n de contenido audiovisual.<\/p>\n<p>No obstante lo anterior, si su imagen y\/o voz aparece de forma accesoria, incidental o en planos generales, es posible que no podamos garantizar su completa exclusi\u00f3n del material audiovisual, conforme a lo previsto en la Ley Org\u00e1nica 1\/1982.<\/p>\n<p>En cualquier momento, puede ejercer sus derechos de acceso, rectificaci\u00f3n, supresi\u00f3n, oposici\u00f3n, limitaci\u00f3n del tratamiento y portabilidad de sus datos personales, conforme a lo establecido en el RGPD y la Ley Org\u00e1nica 3\/2018, de Protecci\u00f3n de Datos Personales y garant\u00eda de los derechos digitales, enviando una solicitud a gdpr@bocemtium.com o a la direcci\u00f3n postal de Sociedad M\u00e9dica.<\/p>\n<h4>ABSTRACTS &#8211; COMUNICACIONES CIENT\u00cdFICAS<\/h4>\n<p>Los asistentes inscritos en el Congreso tienen la opci\u00f3n de presentar un abstract o trabajo al Congreso. En el sitio web del evento encontrar\u00e1n los requisitos y directrices para su presentaci\u00f3n.<\/p>\n<p>Al enviar un abstract o trabajo (ya sea ponencia, comunicaci\u00f3n oral, p\u00f3ster, v\u00eddeo t\u00e9cnico, etc.), el autor principal confirma, mediante la aceptaci\u00f3n de estos T\u00e9rminos y Condiciones, que:<\/p>\n<ul>\n<li>Ha obtenido el consentimiento expreso y autorizaci\u00f3n de los coautores para incluir sus datos personales (nombre, correo electr\u00f3nico, centro de trabajo, categor\u00eda profesional, etc.) en el abstract o trabajo presentado.<\/li>\n<li>Ha obtenido la autorizaci\u00f3n expresa de las instituciones (hospital, cl\u00ednica, universidad, etc.) mencionadas en el abstract o trabajo para incluir datos, estad\u00edsticas, resultados o procedimientos que se hayan producido o hayan tenido lugar en dichas instituciones.<\/li>\n<li>Puede acreditar documentalmente que dispone de dichos consentimientos en caso de requerimiento por parte de la organizaci\u00f3n.<\/li>\n<\/ul>\n<p>La Sociedad M\u00e9dica organizadora del Congreso y Bocemtium act\u00faan \u00fanicamente como organizadores y no procesar\u00e1n, publicar\u00e1n ni distribuir\u00e1n trabajos que infrinjan derechos de terceros. El autor principal asume la total responsabilidad ante cualquier reclamaci\u00f3n derivada del uso no autorizado de datos personales o institucionales en el abstract o trabajo presentado.<\/p>\n<h4>CESI\u00d3N DE DATOS AL PATROCINADOR\/EXPOSITOR<\/h4>\n<p>Al inscribirse en un taller, simposio, caf\u00e9, mesa redonda o actividad similar organizada por un patrocinador o empresa participante en el congreso, el asistente acepta la cesi\u00f3n de sus datos personales a dicho patrocinador\/expositor como parte de la ejecuci\u00f3n del contrato (art. 6.1.b del RGPD).<\/p>\n<p>El patrocinador\/expositor solo podr\u00e1 utilizar sus datos para enviarle informaci\u00f3n relacionada con el producto o servicio t\u00e9cnico presentado en la sesi\u00f3n, sin que pueda utilizarlos para otros fines ni cederlos a terceros.<\/p>\n<p>Asimismo, sus datos personales (nombre, correo electr\u00f3nico y especialidad m\u00e9dica) ser\u00e1n cedidos al patrocinador principal del evento con el \u00fanico prop\u00f3sito de contactar con usted para proporcionarle informaci\u00f3n sobre productos, servicios o actividades relacionadas con el congreso.<\/p>\n<p>Plazo de conservaci\u00f3n: Los datos ser\u00e1n conservados por el patrocinador\/expositor \u00fanicamente durante el tiempo necesario para la finalidad indicada, y en todo caso, no m\u00e1s de 6 meses despu\u00e9s del evento, salvo que usted establezca una relaci\u00f3n comercial con dicho patrocinador\/expositor.<\/p>\n<p>En cualquier momento, usted puede ejercer sus derechos de acceso, rectificaci\u00f3n, supresi\u00f3n, oposici\u00f3n, limitaci\u00f3n del tratamiento y portabilidad conforme al RGPD y la Ley Org\u00e1nica 3\/2018, de Protecci\u00f3n de Datos Personales y garant\u00eda de los derechos digitales.<\/p>\n<p>Para ello, puede enviar una solicitud:<\/p>\n<ul>\n<li>Al patrocinador\/expositor, a trav\u00e9s del correo electr\u00f3nico o direcci\u00f3n postal que este facilite.<\/li>\n<li>A la organizaci\u00f3n del evento, escribiendo a gdpr[arroba]bocemtium.com quien gestionar\u00e1 su solicitud con el patrocinador\/expositor correspondiente.<\/li>\n<\/ul>\n<h4>SEGURIDAD<\/h4>\n<p>El acceso y uso de esta p\u00e1gina web es responsabilidad del usuario e implica la aceptaci\u00f3n de las condiciones legales, t\u00e9rminos de uso y pol\u00edtica de privacidad aplicables. No obstante, el proveedor implementa medidas de seguridad para proteger la informaci\u00f3n y garantizar un acceso seguro a la web.<\/p>\n<p>El proveedor se reserva el derecho de modificar o actualizar la p\u00e1gina web y sus funcionalidades cuando lo estime necesario. En caso de que dichos cambios afecten a aspectos de seguridad o al tratamiento de datos personales, los usuarios ser\u00e1n debidamente informados.<\/p>\n<p>Para proteger la seguridad de la informaci\u00f3n, el sitio web emplea medidas de seguridad ampliamente aceptadas en la industria, incluyendo firewalls, control de acceso, cifrado de datos y protocolos de seguridad para prevenir accesos no autorizados. Adem\u00e1s:<\/p>\n<ul>\n<li>Todos los datos personales transmitidos en procesos de contrataci\u00f3n o autenticaci\u00f3n son encriptados mediante protocolo HTTPS con certificado SSL\/TLS para impedir el acceso por terceros no autorizados.<\/li>\n<li>Los datos de autenticaci\u00f3n y acceso son recopilados \u00fanicamente para verificar la identidad del usuario, conforme a lo establecido en la pol\u00edtica de privacidad y respetando el principio de minimizaci\u00f3n de datos del RGPD<\/li>\n<li>Los datos almacenados en nuestros sistemas est\u00e1n protegidos mediante mecanismos de cifrado y medidas de seguridad adecuadas para prevenir accesos no autorizados o brechas de seguridad.<\/li>\n<\/ul>\n<p>El usuario tambi\u00e9n es responsable de adoptar medidas adecuadas para la protecci\u00f3n de sus credenciales de acceso y dispositivos utilizados para acceder a la web.<\/p>\n<p>Puede consultar la POL\u00cdTICA DE PRIVACIDAD completa <a href=\"https:\/\/bocemtium.com\/web\/politica-privacidad\/\" target=\"_blank\" rel=\"noreferrer noopener\">AQU\u00cd<\/a><\/p>\n","protected":false},"excerpt":{"rendered":"<p>PRE\u00c1MBULO Estos T\u00e9rminos y Condiciones Generales son v\u00e1lidos para cada asistente inscrito Congreso anunciado en este sitio web. Antes de contratar los Servicios propuestos por la Sociedad m\u00e9dica y BOCEMTIUM CONSULTING SL (en adelante, \u00abel Proveedor\u00bb) en este sitio web, debe leer y aceptar los siguientes T\u00e9rminos y Condiciones redactados &hellip;<\/p>\n","protected":false},"author":1,"featured_media":0,"parent":0,"menu_order":0,"comment_status":"closed","ping_status":"closed","template":"","meta":{"footnotes":""},"class_list":["post-169","page","type-page","status-publish","hentry"],"_links":{"self":[{"href":"https:\/\/bocemtium.com\/web\/wp-json\/wp\/v2\/pages\/169","targetHints":{"allow":["GET"]}}],"collection":[{"href":"https:\/\/bocemtium.com\/web\/wp-json\/wp\/v2\/pages"}],"about":[{"href":"https:\/\/bocemtium.com\/web\/wp-json\/wp\/v2\/types\/page"}],"author":[{"embeddable":true,"href":"https:\/\/bocemtium.com\/web\/wp-json\/wp\/v2\/users\/1"}],"replies":[{"embeddable":true,"href":"https:\/\/bocemtium.com\/web\/wp-json\/wp\/v2\/comments?post=169"}],"version-history":[{"count":7,"href":"https:\/\/bocemtium.com\/web\/wp-json\/wp\/v2\/pages\/169\/revisions"}],"predecessor-version":[{"id":870,"href":"https:\/\/bocemtium.com\/web\/wp-json\/wp\/v2\/pages\/169\/revisions\/870"}],"wp:attachment":[{"href":"https:\/\/bocemtium.com\/web\/wp-json\/wp\/v2\/media?parent=169"}],"curies":[{"name":"wp","href":"https:\/\/api.w.org\/{rel}","templated":true}]}}