{"id":176,"date":"2019-12-27T09:48:07","date_gmt":"2019-12-27T09:48:07","guid":{"rendered":"https:\/\/bocemtium.com\/web\/?page_id=176"},"modified":"2019-12-27T09:50:30","modified_gmt":"2019-12-27T09:50:30","slug":"politica-de-devolucion-y-cancelacion","status":"publish","type":"page","link":"https:\/\/bocemtium.com\/web\/politica-de-devolucion-y-cancelacion\/","title":{"rendered":"POL\u00cdTICA DE DEVOLUCI\u00d3N Y CANCELACI\u00d3N"},"content":{"rendered":"\n<p><strong>POL\u00cdTICA DE DEVOLUCI\u00d3N<\/strong><\/p>\n\n\n\n<p>El usuario tiene derecho a la devoluci\u00f3n del importe \u00edntegro de la inscripci\u00f3n siempre que se cumplan las condiciones de la pol\u00edtica de cancelaci\u00f3n, que se determina para cada congreso y es p\u00fablica desde el inicio del per\u00edodo de inscripciones del congreso.<\/p>\n\n\n\n<p>La devoluci\u00f3n se realizar\u00e1 a trav\u00e9s del mismo m\u00e9todo de pago utilizado a la compra, en este caso, por TPV virtual, una vez finalizado el congreso.<\/p>\n\n\n\n<p><strong>POL\u00cdTICA DE CANCELACI\u00d3N<\/strong><\/p>\n\n\n\n<p>Las cancelaciones se tienen que informar por escrito a&nbsp;<a href=\"mailto:info@cemolimpia.com\" target=\"_blank\" rel=\"noreferrer noopener\">devoluciones@bocemtium.com<\/a>&nbsp;6 horas antes de la hora de inicio de la reserva. No se aceptan cancelaciones informadas por ninguna otra v\u00eda. En este correo electr\u00f3nico se tienen que hacer constar todos los datos compra, a\u00f1adiendo congreso al que hace referencia, nombre y apellidos, fecha y datos de contacto.<\/p>\n","protected":false},"excerpt":{"rendered":"<p>POL\u00cdTICA DE DEVOLUCI\u00d3N El usuario tiene derecho a la devoluci\u00f3n del importe \u00edntegro de la inscripci\u00f3n siempre que se cumplan las condiciones de la pol\u00edtica de cancelaci\u00f3n, que se determina para cada congreso y es p\u00fablica desde el inicio del per\u00edodo de inscripciones del congreso. La devoluci\u00f3n se realizar\u00e1 a &hellip;<\/p>\n","protected":false},"author":1,"featured_media":0,"parent":0,"menu_order":0,"comment_status":"closed","ping_status":"closed","template":"","meta":{"footnotes":""},"class_list":["post-176","page","type-page","status-publish","hentry"],"_links":{"self":[{"href":"https:\/\/bocemtium.com\/web\/wp-json\/wp\/v2\/pages\/176","targetHints":{"allow":["GET"]}}],"collection":[{"href":"https:\/\/bocemtium.com\/web\/wp-json\/wp\/v2\/pages"}],"about":[{"href":"https:\/\/bocemtium.com\/web\/wp-json\/wp\/v2\/types\/page"}],"author":[{"embeddable":true,"href":"https:\/\/bocemtium.com\/web\/wp-json\/wp\/v2\/users\/1"}],"replies":[{"embeddable":true,"href":"https:\/\/bocemtium.com\/web\/wp-json\/wp\/v2\/comments?post=176"}],"version-history":[{"count":2,"href":"https:\/\/bocemtium.com\/web\/wp-json\/wp\/v2\/pages\/176\/revisions"}],"predecessor-version":[{"id":178,"href":"https:\/\/bocemtium.com\/web\/wp-json\/wp\/v2\/pages\/176\/revisions\/178"}],"wp:attachment":[{"href":"https:\/\/bocemtium.com\/web\/wp-json\/wp\/v2\/media?parent=176"}],"curies":[{"name":"wp","href":"https:\/\/api.w.org\/{rel}","templated":true}]}}