{"id":2,"date":"2018-07-09T14:15:10","date_gmt":"2018-07-09T14:15:10","guid":{"rendered":"http:\/\/bocemtium.com\/web\/?page_id=2"},"modified":"2019-12-17T09:59:32","modified_gmt":"2019-12-17T09:59:32","slug":"sobre-nosotros","status":"publish","type":"page","link":"https:\/\/bocemtium.com\/web\/sobre-nosotros\/","title":{"rendered":"Sobre nosotros"},"content":{"rendered":"<div class=\"separation-50\"><\/div>\n<div class=\"descripcio g-cosprincipal html-description\">Somos una agencia especializada en la gesti\u00f3n de viajes de empresa y en la organizaci\u00f3n de congresos. Desarrollamos el proyecto de forma \u00edntegra, realizando desde la p\u00e1gina web del evento hasta la reserva de alojamiento, transporte o actividades culturales.<\/p>\n<p>Estamos especializados en la organizaci\u00f3n de <b>congresos<\/b>, eventos y viajes. Por lo que respecta a la organizaci\u00f3n de congresos, gestionamos todo el proceso, desde el dise\u00f1o de la p\u00e1gina web del acontecimiento hasta la log\u00edstica o el control econ\u00f3mico y financiero del proyecto.<\/p>\n<p>En la rama de <b>viajes<\/b>, cubrimos todo tipo de necesidades como pueden ser las reservas de billetes de avi\u00f3n, tren, barco o coche, los traslados privados, el alojamiento, la reserva de restaurantes, la compra de entradas para actividades culturales o de ocio y la tramitaci\u00f3n de inscripciones a seminarios y conferencias, entre otras.<\/p>\n<p>Asimismo, contamos con una secci\u00f3n de <b>administraci\u00f3n<\/b> de empresas y sociedades.<\/p>\n<\/div>\n","protected":false},"excerpt":{"rendered":"<p>Somos una agencia especializada en la gesti\u00f3n de viajes de empresa y en la organizaci\u00f3n de congresos. Desarrollamos el proyecto de forma \u00edntegra, realizando desde la p\u00e1gina web del evento hasta la reserva de alojamiento, transporte o actividades culturales. Estamos especializados en la organizaci\u00f3n de congresos, eventos y viajes. Por &hellip;<\/p>\n","protected":false},"author":1,"featured_media":0,"parent":0,"menu_order":0,"comment_status":"closed","ping_status":"closed","template":"","meta":{"footnotes":""},"class_list":["post-2","page","type-page","status-publish","hentry"],"_links":{"self":[{"href":"https:\/\/bocemtium.com\/web\/wp-json\/wp\/v2\/pages\/2","targetHints":{"allow":["GET"]}}],"collection":[{"href":"https:\/\/bocemtium.com\/web\/wp-json\/wp\/v2\/pages"}],"about":[{"href":"https:\/\/bocemtium.com\/web\/wp-json\/wp\/v2\/types\/page"}],"author":[{"embeddable":true,"href":"https:\/\/bocemtium.com\/web\/wp-json\/wp\/v2\/users\/1"}],"replies":[{"embeddable":true,"href":"https:\/\/bocemtium.com\/web\/wp-json\/wp\/v2\/comments?post=2"}],"version-history":[{"count":2,"href":"https:\/\/bocemtium.com\/web\/wp-json\/wp\/v2\/pages\/2\/revisions"}],"predecessor-version":[{"id":30,"href":"https:\/\/bocemtium.com\/web\/wp-json\/wp\/v2\/pages\/2\/revisions\/30"}],"wp:attachment":[{"href":"https:\/\/bocemtium.com\/web\/wp-json\/wp\/v2\/media?parent=2"}],"curies":[{"name":"wp","href":"https:\/\/api.w.org\/{rel}","templated":true}]}}