{"id":889,"date":"2025-09-04T08:46:01","date_gmt":"2025-09-04T08:46:01","guid":{"rendered":"https:\/\/bocemtium.com\/web\/?page_id=889"},"modified":"2025-09-04T09:00:34","modified_gmt":"2025-09-04T09:00:34","slug":"codigo-de-conducta","status":"publish","type":"page","link":"https:\/\/bocemtium.com\/web\/codigo-de-conducta\/","title":{"rendered":"C\u00f3digo de Conducta Congresos"},"content":{"rendered":"<p>En bocemtium creemos firmemente en la importancia de crear entornos seguros, inclusivos y respetuosos para todos los participantes, colaboradores y organizaciones que forman parte de nuestros congresos.<\/p>\n<p><strong>Equidad, Diversidad e Inclusi\u00f3n.<\/strong> La equidad consiste en eliminar barreras, prejuicios y obst\u00e1culos que impidan la igualdad de acceso y oportunidades.<\/p>\n<p>Valoramos la diversidad de las personas y sus talentos, y promovemos una inclusi\u00f3n activa y real en todos nuestros eventos. Todos los participantes tienen derecho a formar parte de nuestras actividades sin discriminaci\u00f3n alguna, ya sea por raza, color, sexo, orientaci\u00f3n sexual, identidad o expresi\u00f3n de g\u00e9nero, edad, estado civil, religi\u00f3n, nacionalidad, discapacidad o cualquier otra condici\u00f3n personal o social.<\/p>\n<p><strong>Entorno Seguro y Profesional.<\/strong> Nuestros congresos deben ser espacios donde las personas se sientan bienvenidas, respetadas y libres para intercambiar ideas. bocemtium no tolera ninguna forma de discriminaci\u00f3n, acoso o intimidaci\u00f3n. Todos los participantes, incluidos asistentes, ponentes, patrocinadores, expositores, personal y proveedores, deben comportarse con profesionalidad, cortes\u00eda y respeto hacia los dem\u00e1s.<\/p>\n<p><strong>Relaciones Profesionales y Comerciales.<\/strong> Todas las interacciones y relaciones que se lleven a cabo en el marco del congreso, ya sean profesionales o comerciales, deben estar basadas en la buena educaci\u00f3n, la honestidad y el respeto mutuo. No se tolerar\u00e1n faltas de respeto, actitudes abusivas, conductas agresivas ni ning\u00fan otro comportamiento inapropiado.<\/p>\n<p>En caso de producirse este tipo de situaciones, bocemtium se reserva el derecho a tomar las medidas necesarias, incluyendo la expulsi\u00f3n inmediata del congreso de la(s) persona(s) y\/o empresa(s) responsables, sin derecho a reembolso o compensaci\u00f3n alguna.<\/p>\n<p><strong>Compromiso y Responsabilidad.<\/strong> Esperamos que todos los participantes se adhieran a estos principios y contribuyan a generar una experiencia enriquecedora, inclusiva y segura para todas las personas. Si observa alguna situaci\u00f3n contraria a este c\u00f3digo de conducta, rogamos lo comunique a la organizaci\u00f3n del evento lo antes posible, a trav\u00e9s del correo electr\u00f3nico: <a href=\"mailto: codigoconducta@bocemtium.com.\" target=\"_blank\" rel=\"noopener\"> codigoconducta@bocemtium.com. <\/a><\/p>\n","protected":false},"excerpt":{"rendered":"<p>En bocemtium creemos firmemente en la importancia de crear entornos seguros, inclusivos y respetuosos para todos los participantes, colaboradores y organizaciones que forman parte de nuestros congresos. Equidad, Diversidad e Inclusi\u00f3n. La equidad consiste en eliminar barreras, prejuicios y obst\u00e1culos que impidan la igualdad de acceso y oportunidades. Valoramos la &hellip;<\/p>\n","protected":false},"author":1,"featured_media":0,"parent":0,"menu_order":0,"comment_status":"closed","ping_status":"closed","template":"","meta":{"footnotes":""},"class_list":["post-889","page","type-page","status-publish","hentry"],"_links":{"self":[{"href":"https:\/\/bocemtium.com\/web\/wp-json\/wp\/v2\/pages\/889","targetHints":{"allow":["GET"]}}],"collection":[{"href":"https:\/\/bocemtium.com\/web\/wp-json\/wp\/v2\/pages"}],"about":[{"href":"https:\/\/bocemtium.com\/web\/wp-json\/wp\/v2\/types\/page"}],"author":[{"embeddable":true,"href":"https:\/\/bocemtium.com\/web\/wp-json\/wp\/v2\/users\/1"}],"replies":[{"embeddable":true,"href":"https:\/\/bocemtium.com\/web\/wp-json\/wp\/v2\/comments?post=889"}],"version-history":[{"count":6,"href":"https:\/\/bocemtium.com\/web\/wp-json\/wp\/v2\/pages\/889\/revisions"}],"predecessor-version":[{"id":896,"href":"https:\/\/bocemtium.com\/web\/wp-json\/wp\/v2\/pages\/889\/revisions\/896"}],"wp:attachment":[{"href":"https:\/\/bocemtium.com\/web\/wp-json\/wp\/v2\/media?parent=889"}],"curies":[{"name":"wp","href":"https:\/\/api.w.org\/{rel}","templated":true}]}}