{"id":912,"date":"2025-11-06T08:22:34","date_gmt":"2025-11-06T08:22:34","guid":{"rendered":"https:\/\/bocemtium.com\/web\/?page_id=912"},"modified":"2025-11-06T08:22:34","modified_gmt":"2025-11-06T08:22:34","slug":"sostenibilidad","status":"publish","type":"page","link":"https:\/\/bocemtium.com\/web\/sostenibilidad\/","title":{"rendered":"Sostenibilidad"},"content":{"rendered":"<p><strong>Nuestro compromiso con la sostenibilidad<\/strong><\/p>\n<p>En <strong>bocemtium<\/strong> entendemos la sostenibilidad como una forma de trabajar que mejora la experiencia de quienes conf\u00edan en nosotros. Apostamos por un modelo de organizaci\u00f3n responsable que genera beneficios reales: fomentamos la econom\u00eda local, reducimos el impacto ambiental y promovemos valores sociales como la inclusi\u00f3n, la transparencia y el respeto por nuestro entorno.<\/p>\n<p>Priorizamos <strong>proveedores locales y de proximidad<\/strong>, reduciendo desplazamientos innecesarios y apoyando la econom\u00eda del territorio. Seleccionamos <strong>materiales sostenibles y reutilizables<\/strong>, evitando el uso de pl\u00e1sticos y apostando por soluciones innovadoras que minimicen residuos.<\/p>\n<p>En materia de comunicaci\u00f3n, optamos por la <strong>digitalizaci\u00f3n<\/strong>, evitando la impresi\u00f3n de materiales innecesarios y utilizando plataformas en l\u00ednea, apps y se\u00f1al\u00e9tica digital.<\/p>\n<p>Trabajamos para garantizar una <strong>gesti\u00f3n eficiente de la energ\u00eda<\/strong>, optimizando el uso de la iluminaci\u00f3n, la climatizaci\u00f3n y los equipos t\u00e9cnicos durante los congresos, y fomentando buenas pr\u00e1cticas entre el personal y los colaboradores para reducir el consumo y las emisiones asociadas.<\/p>\n<p>Asimismo, estamos comprometidos con el <strong>bienestar y las condiciones laborales de todas las personas implicadas<\/strong> en nuestros eventos, tanto de forma directa como indirecta. Promovemos un entorno de trabajo seguro, inclusivo y respetuoso, asegurando que todos los colaboradores cuenten con condiciones justas y un trato digno.<\/p>\n<p>Asimismo, promovemos el uso del <strong>transporte p\u00fablico, compartido o de bajo impacto ambiental<\/strong> tanto por parte de nuestros equipos como de los asistentes, siempre que sea posible.<\/p>\n<p>Organizar un evento sostenible no es solo una acci\u00f3n ambiental, sino una manera de crear congresos m\u00e1s humanos, responsables e inspiradores. Cada decisi\u00f3n cuenta, y una gesti\u00f3n m\u00e1s consciente mejora tanto el planeta como la experiencia de quienes participan en \u00e9l.<\/p>\n","protected":false},"excerpt":{"rendered":"<p>Nuestro compromiso con la sostenibilidad En bocemtium entendemos la sostenibilidad como una forma de trabajar que mejora la experiencia de quienes conf\u00edan en nosotros. Apostamos por un modelo de organizaci\u00f3n responsable que genera beneficios reales: fomentamos la econom\u00eda local, reducimos el impacto ambiental y promovemos valores sociales como la inclusi\u00f3n, &hellip;<\/p>\n","protected":false},"author":1,"featured_media":0,"parent":0,"menu_order":0,"comment_status":"closed","ping_status":"closed","template":"","meta":{"footnotes":""},"class_list":["post-912","page","type-page","status-publish","hentry"],"_links":{"self":[{"href":"https:\/\/bocemtium.com\/web\/wp-json\/wp\/v2\/pages\/912","targetHints":{"allow":["GET"]}}],"collection":[{"href":"https:\/\/bocemtium.com\/web\/wp-json\/wp\/v2\/pages"}],"about":[{"href":"https:\/\/bocemtium.com\/web\/wp-json\/wp\/v2\/types\/page"}],"author":[{"embeddable":true,"href":"https:\/\/bocemtium.com\/web\/wp-json\/wp\/v2\/users\/1"}],"replies":[{"embeddable":true,"href":"https:\/\/bocemtium.com\/web\/wp-json\/wp\/v2\/comments?post=912"}],"version-history":[{"count":1,"href":"https:\/\/bocemtium.com\/web\/wp-json\/wp\/v2\/pages\/912\/revisions"}],"predecessor-version":[{"id":913,"href":"https:\/\/bocemtium.com\/web\/wp-json\/wp\/v2\/pages\/912\/revisions\/913"}],"wp:attachment":[{"href":"https:\/\/bocemtium.com\/web\/wp-json\/wp\/v2\/media?parent=912"}],"curies":[{"name":"wp","href":"https:\/\/api.w.org\/{rel}","templated":true}]}}